{"id":2392,"date":"2016-06-11T19:50:21","date_gmt":"2016-06-11T18:50:21","guid":{"rendered":"http:\/\/jarmilavesovic\/fr\/publications\/"},"modified":"2016-06-15T12:47:49","modified_gmt":"2016-06-15T11:47:49","slug":"publications","status":"publish","type":"page","link":"https:\/\/yarmilavesovic.org\/fr\/info\/publications\/","title":{"rendered":"Publications"},"content":{"rendered":"<div class=\"wpb-content-wrapper\"><p>[vc_row][vc_column][vc_column_text]<strong>2001.<\/strong> Auteur du recueil de po\u00e9sie \u00ab Le Nombre d&#8217;Heures Secrtes \u00bb, publi\u00e9 chez L&#8217;Harmattan<\/p>\n<p><strong>2000.<\/strong> Gravures pour illustrer le po\u00e8me de Max ALHAU, livre rare, \u00e9dit\u00e9 en dix exemplaires<\/p>\n<p><strong>2000-2010.<\/strong> Collaboration avec la maison d&#8217;\u00e9ditions Transsignum et avec la galerie librairie Racine<\/p>\n<p><strong>2006.<\/strong> Illustrations pour la revue l&#8217;ENA[\/vc_column_text]<div class=\"smile-icon-timeline-wrap csstime   \"     style=\"\"><div class=\"timeline-line \" style=\"border-right-color:;\"><span><\/span><\/div><div class=\"timeline-wrapper\"><\/div>\n\t\t\t\t<div id=\"timeline-seperator-1273\" class=\"timeline-separator-text \" data-sep-col=\"\" data-sep-bg-col=\"\"><span class=\"sep-text ult-responsive\"  data-ultimate-target='#timeline-seperator-1273 .sep-text'  data-responsive-json-new='{\"font-size\":\"\",\"line-height\":\"\"}'  style=\"border-width:1px;border-radius:5px;\">2000 - 2010<\/span><\/div><div class=\"timeline-wrapper \"><div class=\"timeline-block \"><div class=\"timeline-dot\"><\/div><div class=\"ult-timeline-arrow\"><s><\/s><l><\/l><\/div><div class=\"timeline-icon-block\"><div class=\"ult-timeline-icon tl-icon-no-bg\" style=\"   \"><\/div> <!-- icon --><\/div><div class=\"timeline-header-block\" >\n\t\t\t\t\t\t\t<div id=\"timeline-item-7390\" class=\"timeline-header\" style=\"\"><h3 class=\"ult-timeline-title ult-responsive\"  data-ultimate-target='#timeline-item-7390 .ult-timeline-title'  data-responsive-json-new='{\"font-size\":\"\",\"line-height\":\"\"}'  style=\"\">Gravures pour illustrer le po\u00e8me de Max ALHAU<\/h3><div class=\"ult-responsive timeline-item-spt\"  data-ultimate-target='#timeline-item-7390 .timeline-item-spt'  data-responsive-json-new='{\"font-size\":\"\",\"line-height\":\"\"}'  style=\"\">Collaboration avec la maison d&#8217;\u00e9ditions Transsignum et avec la<\/div><\/div> <!-- header --><\/div><\/div><\/div>\n\t\t\t\t<div id=\"timeline-seperator-6282\" class=\"timeline-separator-text \" data-sep-col=\"\" data-sep-bg-col=\"\"><span class=\"sep-text ult-responsive\"  data-ultimate-target='#timeline-seperator-6282 .sep-text'  data-responsive-json-new='{\"font-size\":\"\",\"line-height\":\"\"}'  style=\"border-width:1px;border-radius:5px;\">2006<\/span><\/div><div class=\"timeline-wrapper \"><div class=\"timeline-block \"><div class=\"timeline-dot\"><\/div><div class=\"ult-timeline-arrow\"><s><\/s><l><\/l><\/div><div class=\"timeline-icon-block\"><div class=\"ult-timeline-icon tl-icon-no-bg\" style=\"   \"><\/div> <!-- icon --><\/div><div class=\"timeline-header-block\" >\n\t\t\t\t\t\t\t<div id=\"timeline-item-4061\" class=\"timeline-header\" style=\"\"><h3 class=\"ult-timeline-title ult-responsive\"  data-ultimate-target='#timeline-item-4061 .ult-timeline-title'  data-responsive-json-new='{\"font-size\":\"\",\"line-height\":\"\"}'  style=\"\">la revue l'ENA<\/h3><div class=\"ult-responsive timeline-item-spt\"  data-ultimate-target='#timeline-item-4061 .timeline-item-spt'  data-responsive-json-new='{\"font-size\":\"\",\"line-height\":\"\"}'  style=\"\">Illustrations pour la revue l&#8217;ENA<\/div><\/div> <!-- header --><\/div><\/div><\/div>\n\t\t\t\t<div id=\"timeline-seperator-9631\" class=\"timeline-separator-text \" data-sep-col=\"\" data-sep-bg-col=\"\"><span class=\"sep-text ult-responsive\"  data-ultimate-target='#timeline-seperator-9631 .sep-text'  data-responsive-json-new='{\"font-size\":\"\",\"line-height\":\"\"}'  style=\"border-width:1px;border-radius:5px;\">2001<\/span><\/div><div class=\"timeline-wrapper \"><div class=\"timeline-block \"><div class=\"timeline-dot\"><\/div><div class=\"ult-timeline-arrow\"><s><\/s><l><\/l><\/div><div class=\"timeline-icon-block\"><div class=\"ult-timeline-icon tl-icon-no-bg\" style=\"   \"><\/div> <!-- icon --><\/div><div class=\"timeline-header-block\" >\n\t\t\t\t\t\t\t<div id=\"timeline-item-8115\" class=\"timeline-header\" style=\"\"><h3 class=\"ult-timeline-title ult-responsive\"  data-ultimate-target='#timeline-item-8115 .ult-timeline-title'  data-responsive-json-new='{\"font-size\":\"\",\"line-height\":\"\"}'  style=\"\">Le Nombre d'Heures Secr\u00e8tes <\/h3><div class=\"ult-responsive timeline-item-spt\"  data-ultimate-target='#timeline-item-8115 .timeline-item-spt'  data-responsive-json-new='{\"font-size\":\"\",\"line-height\":\"\"}'  style=\"\">Auteur du recueil de po\u00e9sie , publi\u00e9 chez\u00a0L&#8217;Harmattan<\/div><\/div> <!-- header --><\/div><\/div><\/div>\n\t\t\t\t<div id=\"timeline-seperator-3936\" class=\"timeline-separator-text \" data-sep-col=\"\" data-sep-bg-col=\"\"><span class=\"sep-text ult-responsive\"  data-ultimate-target='#timeline-seperator-3936 .sep-text'  data-responsive-json-new='{\"font-size\":\"\",\"line-height\":\"\"}'  style=\"border-width:1px;border-radius:5px;\">2000<\/span><\/div><div class=\"timeline-wrapper \"><div class=\"timeline-block \"><div class=\"timeline-dot\"><\/div><div class=\"ult-timeline-arrow\"><s><\/s><l><\/l><\/div><div class=\"timeline-icon-block\"><div class=\"ult-timeline-icon tl-icon-no-bg\" style=\"   \"><\/div> <!-- icon --><\/div><div class=\"timeline-header-block\" >\n\t\t\t\t\t\t\t<div id=\"timeline-item-4156\" class=\"timeline-header\" style=\"\"><h3 class=\"ult-timeline-title ult-responsive\"  data-ultimate-target='#timeline-item-4156 .ult-timeline-title'  data-responsive-json-new='{\"font-size\":\"\",\"line-height\":\"\"}'  style=\"\">Gravures pour illustrer le po\u00e8me de Max ALHAU<\/h3><div class=\"ult-responsive timeline-item-spt\"  data-ultimate-target='#timeline-item-4156 .timeline-item-spt'  data-responsive-json-new='{\"font-size\":\"\",\"line-height\":\"\"}'  style=\"\">Livre rare, \u00e9dit\u00e9 en dix\u00a0exemplaires<\/div><\/div> <!-- header --><\/div><\/div><\/div><\/div>[\/vc_column][\/vc_row]<\/p>\n<\/div>","protected":false},"excerpt":{"rendered":"<p>[vc_row][vc_column][vc_column_text]2001. Auteur du recueil de po\u00e9sie \u00ab Le Nombre d&#8217;Heures Secrtes \u00bb, publi\u00e9 chez L&#8217;Harmattan 2000. Gravures pour illustrer le po\u00e8me de Max ALHAU, livre rare, \u00e9dit\u00e9 en dix exemplaires 2000-2010. Collaboration avec la maison d&#8217;\u00e9ditions Transsignum et avec la galerie librairie Racine 2006. Illustrations pour la revue l&#8217;ENA[\/vc_column_text][\/vc_column][\/vc_row]<\/p>\n","protected":false},"author":3,"featured_media":0,"parent":2403,"menu_order":0,"comment_status":"closed","ping_status":"closed","template":"","meta":{"footnotes":""},"class_list":["post-2392","page","type-page","status-publish","hentry"],"_links":{"self":[{"href":"https:\/\/yarmilavesovic.org\/fr\/wp-json\/wp\/v2\/pages\/2392","targetHints":{"allow":["GET"]}}],"collection":[{"href":"https:\/\/yarmilavesovic.org\/fr\/wp-json\/wp\/v2\/pages"}],"about":[{"href":"https:\/\/yarmilavesovic.org\/fr\/wp-json\/wp\/v2\/types\/page"}],"author":[{"embeddable":true,"href":"https:\/\/yarmilavesovic.org\/fr\/wp-json\/wp\/v2\/users\/3"}],"replies":[{"embeddable":true,"href":"https:\/\/yarmilavesovic.org\/fr\/wp-json\/wp\/v2\/comments?post=2392"}],"version-history":[{"count":0,"href":"https:\/\/yarmilavesovic.org\/fr\/wp-json\/wp\/v2\/pages\/2392\/revisions"}],"up":[{"embeddable":true,"href":"https:\/\/yarmilavesovic.org\/fr\/wp-json\/wp\/v2\/pages\/2403"}],"wp:attachment":[{"href":"https:\/\/yarmilavesovic.org\/fr\/wp-json\/wp\/v2\/media?parent=2392"}],"curies":[{"name":"wp","href":"https:\/\/api.w.org\/{rel}","templated":true}]}}