{"id":2634,"date":"2016-06-18T14:28:00","date_gmt":"2016-06-18T13:28:00","guid":{"rendered":"http:\/\/jarmilavesovic\/fr\/collections\/"},"modified":"2016-06-18T14:36:48","modified_gmt":"2016-06-18T13:36:48","slug":"collections","status":"publish","type":"page","link":"https:\/\/yarmilavesovic.org\/fr\/collections\/","title":{"rendered":"Collections"},"content":{"rendered":"<div class=\"wpb-content-wrapper\"><p>[vc_row][vc_column][vc_column_text]<strong>OEUVRE\u00a0DANS LES MUS\u00c9ES ET COLLECTIONS<\/strong><\/p>\n<p>Mus\u00e9e d&#8217;art moderne au Caire<br \/>\nMus\u00e9e &#8216; Matis &#8216; \u00e0 Kato Kambresis , ville natale de Matisse en France<br \/>\nMus\u00e9e Zepter \u00e0 Belgrade<br \/>\nMus\u00e9e d&#8217;Art Moderne \u00e0 Belgrade<br \/>\nMus\u00e9e national de Belgrade<br \/>\nMus\u00e9e de l&#8217;Universit\u00e9 de Rosario -Cordoba Espagne<br \/>\nMus\u00e9e d&#8217;Art Moderne section beaux-arts de Tokyo, Japon<br \/>\nPrivate collection Anne Blanc &#8211; Paris<br \/>\nCollection priv\u00e9e Jacques David<br \/>\nCollection Suzan de Konak , conservateur du Mus\u00e9e d&#8217;Art Moderne de Paris en 1992[\/vc_column_text][\/vc_column][\/vc_row]<\/p>\n<\/div>","protected":false},"excerpt":{"rendered":"<p>[vc_row][vc_column][vc_column_text]OEUVRE\u00a0DANS LES MUS\u00c9ES ET COLLECTIONS Mus\u00e9e d&#8217;art moderne au Caire Mus\u00e9e &#8216; Matis &#8216; \u00e0 Kato Kambresis , ville natale de Matisse en France Mus\u00e9e Zepter \u00e0 Belgrade Mus\u00e9e d&#8217;Art Moderne \u00e0 Belgrade Mus\u00e9e national de Belgrade Mus\u00e9e de l&#8217;Universit\u00e9 de Rosario -Cordoba Espagne Mus\u00e9e d&#8217;Art Moderne section beaux-arts de Tokyo, Japon Private collection Anne [&hellip;]<\/p>\n","protected":false},"author":3,"featured_media":0,"parent":0,"menu_order":0,"comment_status":"closed","ping_status":"closed","template":"","meta":{"footnotes":""},"class_list":["post-2634","page","type-page","status-publish","hentry"],"_links":{"self":[{"href":"https:\/\/yarmilavesovic.org\/fr\/wp-json\/wp\/v2\/pages\/2634","targetHints":{"allow":["GET"]}}],"collection":[{"href":"https:\/\/yarmilavesovic.org\/fr\/wp-json\/wp\/v2\/pages"}],"about":[{"href":"https:\/\/yarmilavesovic.org\/fr\/wp-json\/wp\/v2\/types\/page"}],"author":[{"embeddable":true,"href":"https:\/\/yarmilavesovic.org\/fr\/wp-json\/wp\/v2\/users\/3"}],"replies":[{"embeddable":true,"href":"https:\/\/yarmilavesovic.org\/fr\/wp-json\/wp\/v2\/comments?post=2634"}],"version-history":[{"count":0,"href":"https:\/\/yarmilavesovic.org\/fr\/wp-json\/wp\/v2\/pages\/2634\/revisions"}],"wp:attachment":[{"href":"https:\/\/yarmilavesovic.org\/fr\/wp-json\/wp\/v2\/media?parent=2634"}],"curies":[{"name":"wp","href":"https:\/\/api.w.org\/{rel}","templated":true}]}}