{"id":2397,"date":"2016-06-11T19:49:45","date_gmt":"2016-06-11T18:49:45","guid":{"rendered":"http:\/\/jarmilavesovic\/sr\/statement\/"},"modified":"2016-06-18T14:25:11","modified_gmt":"2016-06-18T13:25:11","slug":"izjava","status":"publish","type":"page","link":"https:\/\/yarmilavesovic.org\/sr\/info\/izjava\/","title":{"rendered":"Izjava"},"content":{"rendered":"<div class=\"wpb-content-wrapper\"><p>[vc_row][vc_column][vc_tta_tabs color=&#8221;white&#8221; active_section=&#8221;1&#8243;][vc_tta_section title=&#8221;Milica Radulovi\u0107&#8221; tab_id=&#8221;1465780256720-a11501f7-e872&#8243;][vc_column_text]Slikarstvo Jarmile Ve\u0161ovi\u0107 ve\u0107 tre\u0107u deceniju izmi\u010de aktuelnim, agresivno nametnutim uticajima zapadne kulture, njeguju\u0107i u sebi suptilne tragove tradicionalnog nasle\u0111a, prepoznatih u vizantijskoj i mediteranskoj estetici.<\/p>\n<p>To, razumije se, ne zna\u010di da je Jarmilino slikarstvo udaljeno od modernisti\u010dkih umjetni\u010dkih stremljenja; naprotiv, dovedeno gotovo do apstraktnog nivoa, blisko enformelskoj poetici gra\u0111enja slike, li\u0161eno svake suvi\u0161ne deskripcije, ono postaje djelo u kom ta duhovna ,,potka\u2019\u2019, taj po\u010detni impuls stvaranja, djeluje jo\u0161 intenzivnije i uvjerljivije.<\/p>\n<p>Jarmila, naime, sklono svom senzibilitetu, radi na nekoj vrsti uspostavljanja trodimenzionalnosti slike, ali ne u smislu njene fizi\u010dke konkretnosti (duboki ramovi, distanciranje od galerijskog zida), ve\u0107 u smislu njene prostornosti, n jetni\u010dke, lirske meditacije.<\/p>\n<p>Tako u ciklusu slika ,,Hermeti\u010dke \u0161ume\u2019\u2019 prozirnost slikane tkanine daje utisak samog gesta prirode, njenog daha pretvorenog u vjetar ili sjenku. Ta vibrantnost prizora, kao da odra\u017eava naboj njenog nadahnu\u0107a. Poetski senzibilitet Jarmilinog slikarskog rukopisa otkriva njene sna\u017ene i uzbudljive umjetni\u010dke opsesije, preto\u010dene u meditativne, gotovo misti\u010dne predjele.<\/p>\n<p>U ciklusima ,,Arabeske\u2019\u2019 i ,,Zemlja je zvijezda\u2019\u2019, (pasteli na japanskom papiru), gdje se simulira taj prefinjeni, posni fresko ton, akcentovan zlatnom i plavom, atmosfera slike postaje tajanstvena i uzvi\u0161ena. Ovi prizori oplemenju svojom jedinstvenom, gotovo sakralnom aurom.<\/p>\n<p>Cjelovitost i uskla\u0111enost Jarmilinog rukopisa, ostvarena i u ovim radovima, svjedo\u010di o njenim sna\u017enim stvarala\u010dkim porivima, prefinjenim umjetni\u010dkim opservacijama i intuiciji, koje prevodi u djela posebnog spiritualnog osje\u0107anja i energije.<\/p>\n<p>Milica Radulovi\u0107[\/vc_column_text][\/vc_tta_section][vc_tta_section title=&#8221;Irina Suboti\u0107&#8221; tab_id=&#8221;1465780440759-f9d82151-d20a&#8221;][vc_column_text]&#8221;La lumi\u00e8re dans la peinture de Yarmilla Ve\u0161ovi\u0107 est compl\u00e8tement inhabituelle, profonde, p\u00e9n\u00e9trante, persistante, forte, lib\u00e9r\u00e9e des pressions int\u00e9rieures, mais n\u2019est pas agressive ni mena\u00e7ante, juste parce qu\u2019on reconna\u00eet la logique de son action et la sagesse du cours de ces \u00e9manations, il semble parfois que cette lumi\u00e8re pourrait \u00eatre appel\u00e9e spirituelle, mondiale, religieuse, m\u00e9taphysique dans toutes ces cas. Le monde po\u00e9tique de Vesovic construit une harmonie lyrique aujourd\u2019hui tellement rare et pr\u00e9cieuse, pr\u00e9cis\u00e9- ment parce qu\u2019elle s\u2019adresse \u00e0 une action \u00e0 la mani\u00e8re amoureuse.&#8221;<\/p>\n<p><em>Irina Suboti\u0107, critique d\u2019art<\/em>[\/vc_column_text][\/vc_tta_section][vc_tta_section title=&#8221;Suzanne de Coninck&#8221; tab_id=&#8221;1465780439573-717e38e4-63c9&#8243;][vc_column_text]<\/p>\n<p>&#8220;Aujourd\u2019hui, en cette \u00e9poque confuse et combien alarmante qui domine le monde artistique, les derniers travaux de Yarmila Ve\u0161ovi\u0107 sont des m\u00e9lodies discr\u00e8tes, lumineuses qui s\u2019infiltrent, s\u2019insinuent dans les stratifications d\u2019une mati\u00e8re informelle, luminosit\u00e9 qui glisse sous les roches, trace des sentiers au creux des couches profondes pour r\u00e9appara\u00eetre \u00e0 nouveau \u00e0 la surface. Cet accord parfait entre les \u00e9l\u00e9ments, l\u2019eau, la roche, l\u2019humus est un chant po\u00e9tique en \u00e9ternel mouvement, l\u2019appr\u00e9hension d\u2019une nature en gestation, en marche vers de nouvelles mutations. Union merveilleuse de la mati\u00e8re primordiale et de l\u2019esprit, Yarmila Ve\u0161ovi\u0107 broie la pierre, la roche, la terre, en extrait l\u2019essentiel qu\u2019elle recouvre ensuite d\u2019une masse molle. Les papiers, les fonds de fibres s\u2019amalgament, s\u2019interp\u00e9n\u00e8trent jusqu\u2019\u00e0 \u00e9puisement. &#8221;Au lieu de mesurer les forces pour les maitriser, l\u2019artiste entreprend de nous les rendre sensibles. Abandonnant les \u00e9quitations dont nous nous enorgueillissons, il cherche \u00e0 s\u2019accorder aux rythmes. Mise \u00e0 l\u2019\u00e9cart, la trop c\u00e9l\u00e8bre formule EMc\u00b2 retrouve, \u00e0 travers le regard \u00e9nigmatique d\u2019Einstein, la voie de la peinture qui est lumi\u00e8re et mati\u00e8re\u2026&#8221; Ce texte de R\u00e9ne Berger semble \u00eatre une pr\u00e9monition de l\u2019\u0153uvre de Yarmila Ve\u0161ovi\u0107, c\u2019est pourquoi j\u2019ai choisi de le citer. Il correspond \u00e0 ma pens\u00e9e et je crois que les recherches de Yarmila Ve\u0161ovi\u0107 sont ce qu\u2019il y a de plus \u00e9mouvant dans l\u2019art actuel. C\u2019est une vision nouvelle de la Nature.&#8221;<\/p>\n<p><em>Suzanne de Coninck <\/em><br \/>\n<em>Mus\u00e9e d\u2019Art Moderne de la Ville de Paris<\/em>[\/vc_column_text][\/vc_tta_section][\/vc_tta_tabs][\/vc_column][\/vc_row]<\/p>\n<\/div>","protected":false},"excerpt":{"rendered":"<p>[vc_row][vc_column][vc_tta_tabs color=&#8221;white&#8221; active_section=&#8221;1&#8243;][vc_tta_section title=&#8221;Milica Radulovi\u0107&#8221; tab_id=&#8221;1465780256720-a11501f7-e872&#8243;][vc_column_text]Slikarstvo Jarmile Ve\u0161ovi\u0107 ve\u0107 tre\u0107u deceniju izmi\u010de aktuelnim, agresivno nametnutim uticajima zapadne kulture, njeguju\u0107i u sebi suptilne tragove tradicionalnog nasle\u0111a, prepoznatih u vizantijskoj i mediteranskoj estetici. To, razumije se, ne zna\u010di da je Jarmilino slikarstvo udaljeno od modernisti\u010dkih umjetni\u010dkih stremljenja; naprotiv, dovedeno gotovo do apstraktnog nivoa, blisko enformelskoj poetici gra\u0111enja [&hellip;]<\/p>\n","protected":false},"author":3,"featured_media":0,"parent":2402,"menu_order":0,"comment_status":"closed","ping_status":"closed","template":"","meta":{"footnotes":""},"class_list":["post-2397","page","type-page","status-publish","hentry"],"_links":{"self":[{"href":"https:\/\/yarmilavesovic.org\/sr\/wp-json\/wp\/v2\/pages\/2397","targetHints":{"allow":["GET"]}}],"collection":[{"href":"https:\/\/yarmilavesovic.org\/sr\/wp-json\/wp\/v2\/pages"}],"about":[{"href":"https:\/\/yarmilavesovic.org\/sr\/wp-json\/wp\/v2\/types\/page"}],"author":[{"embeddable":true,"href":"https:\/\/yarmilavesovic.org\/sr\/wp-json\/wp\/v2\/users\/3"}],"replies":[{"embeddable":true,"href":"https:\/\/yarmilavesovic.org\/sr\/wp-json\/wp\/v2\/comments?post=2397"}],"version-history":[{"count":0,"href":"https:\/\/yarmilavesovic.org\/sr\/wp-json\/wp\/v2\/pages\/2397\/revisions"}],"up":[{"embeddable":true,"href":"https:\/\/yarmilavesovic.org\/sr\/wp-json\/wp\/v2\/pages\/2402"}],"wp:attachment":[{"href":"https:\/\/yarmilavesovic.org\/sr\/wp-json\/wp\/v2\/media?parent=2397"}],"curies":[{"name":"wp","href":"https:\/\/api.w.org\/{rel}","templated":true}]}}